{"id":13200,"date":"2020-04-11T17:04:15","date_gmt":"2020-04-11T15:04:15","guid":{"rendered":"https:\/\/mychoccy.com\/product\/chili-malna-bonbon\/"},"modified":"2026-01-08T07:37:42","modified_gmt":"2026-01-08T06:37:42","slug":"chili-malna-bonbon","status":"publish","type":"product","link":"https:\/\/mychoccy.com\/en\/product\/chili-malna-bonbon\/","title":{"rendered":"Chili &#8211; m\u00e1lna bonbon"},"content":{"rendered":"<p>A klasszikus, l\u00e1gyan olvad\u00f3 m\u00e1lnakr\u00e9met szellemchilivel tett\u00fck m\u00e9g izgalmasabb\u00e1.\u00a0Ahhoz, hogy az \u00e9tcsokol\u00e1d\u00e9 kellemesen keserny\u00e9s \u00edzvil\u00e1ga j\u00f3l harmoniz\u00e1ljon a t\u00f6bbi alkot\u00f3elemmel, cs\u00ednj\u00e1n b\u00e1ntunk a chilivel.\u00a0Azonban n\u00e9zz\u00e9tek a bonbon form\u00e1j\u00e1t is, m\u00e1r-m\u00e1r egy m\u00e1lnaszem jelenik meg szemetek el\u0151tt. <img loading=\"lazy\" decoding=\"async\" class=\"\" src=\"https:\/\/static.xx.fbcdn.net\/images\/emoji.php\/v9\/teb\/2\/16\/1f642.png\" alt=\"?\" width=\"18\" height=\"18\" \/><\/p>\n<p>Nett\u00f3 t\u00f6meg: 10 g<\/p>\n<p>\u00d6sszetev\u0151k: \u00e9tcsokol\u00e1d\u00e9, feh\u00e9r csokol\u00e1d\u00e9, tejsz\u00edn, m\u00e1lna p\u00fcr\u00e9, chili<\/p>\n<p>Allerg\u00e9nek: sz\u00f3jalecitin, tejpor, tejsz\u00edn<\/p>\n","protected":false},"excerpt":{"rendered":"<p>A klasszikus, l\u00e1gyan olvad\u00f3 m\u00e1lnakr\u00e9met szellemchilivel tett\u00fck m\u00e9g izgalmasabb\u00e1.\u00a0Ahhoz, hogy az \u00e9tcsokol\u00e1d\u00e9 kellemesen keserny\u00e9s \u00edzvil\u00e1ga j\u00f3l harmoniz\u00e1ljon a t\u00f6bbi alkot\u00f3elemmel, cs\u00ednj\u00e1n b\u00e1ntunk a chilivel.\u00a0Azonban n\u00e9zz\u00e9tek a bonbon form\u00e1j\u00e1t is, m\u00e1r-m\u00e1r egy m\u00e1lnaszem jelenik meg szemetek el\u0151tt. Nett\u00f3 t\u00f6meg: 10 g [&hellip;]<\/p>\n","protected":false},"featured_media":16881,"template":"","meta":{"inline_featured_image":false},"product_brand":[],"product_cat":[306],"product_tag":[184,315,313],"class_list":{"0":"post-13200","1":"product","2":"type-product","3":"status-publish","4":"has-post-thumbnail","6":"product_cat-bonbonok","7":"product_tag-etcsokolade","8":"product_tag-fuszer","9":"product_tag-gyumolcs","11":"first","12":"instock","13":"taxable","14":"shipping-taxable","15":"purchasable","16":"product-type-simple"},"yoast_head":"<!-- This site is optimized with the Yoast SEO plugin v27.4 - https:\/\/yoast.com\/product\/yoast-seo-wordpress\/ -->\n<title>Chili - m\u00e1lna bonbon - MyChoccy<\/title>\n<meta name=\"description\" content=\"A klasszikus, l\u00e1gyan olvad\u00f3 m\u00e1lnakr\u00e9met szellemchilivel tett\u00fck m\u00e9g izgalmasabb\u00e1.\u00a0Ahhoz, hogy az \u00e9tcsokol\u00e1d\u00e9 kellemesen keserny\u00e9s \u00edzvil\u00e1ga j\u00f3l\" \/>\n<meta name=\"robots\" content=\"index, follow, max-snippet:-1, max-image-preview:large, max-video-preview:-1\" \/>\n<link rel=\"canonical\" href=\"https:\/\/mychoccy.com\/en\/product\/chili-malna-bonbon\/\" \/>\n<meta property=\"og:locale\" content=\"en_US\" \/>\n<meta property=\"og:type\" content=\"article\" \/>\n<meta property=\"og:title\" content=\"Chili - m\u00e1lna bonbon - MyChoccy\" \/>\n<meta property=\"og:description\" content=\"A klasszikus, l\u00e1gyan olvad\u00f3 m\u00e1lnakr\u00e9met szellemchilivel tett\u00fck m\u00e9g izgalmasabb\u00e1.\u00a0Ahhoz, hogy az \u00e9tcsokol\u00e1d\u00e9 kellemesen keserny\u00e9s \u00edzvil\u00e1ga j\u00f3l\" \/>\n<meta property=\"og:url\" content=\"https:\/\/mychoccy.com\/en\/product\/chili-malna-bonbon\/\" \/>\n<meta property=\"og:site_name\" content=\"MyChoccy\" \/>\n<meta property=\"article:modified_time\" content=\"2026-01-08T06:37:42+00:00\" \/>\n<meta property=\"og:image\" content=\"https:\/\/mychoccy.com\/wp-content\/uploads\/2023\/09\/chili-malna.jpg\" \/>\n\t<meta property=\"og:image:width\" content=\"1200\" \/>\n\t<meta property=\"og:image:height\" content=\"800\" \/>\n\t<meta property=\"og:image:type\" content=\"image\/jpeg\" \/>\n<meta name=\"twitter:card\" content=\"summary_large_image\" \/>\n<meta name=\"twitter:label1\" content=\"Est. reading time\" \/>\n\t<meta name=\"twitter:data1\" content=\"1 minute\" \/>\n<script type=\"application\/ld+json\" class=\"yoast-schema-graph\">{\"@context\":\"https:\\\/\\\/schema.org\",\"@graph\":[{\"@type\":\"WebPage\",\"@id\":\"https:\\\/\\\/mychoccy.com\\\/en\\\/product\\\/chili-malna-bonbon\\\/\",\"url\":\"https:\\\/\\\/mychoccy.com\\\/en\\\/product\\\/chili-malna-bonbon\\\/\",\"name\":\"Chili - m\u00e1lna bonbon - MyChoccy\",\"isPartOf\":{\"@id\":\"https:\\\/\\\/mychoccy.com\\\/en\\\/#website\"},\"primaryImageOfPage\":{\"@id\":\"https:\\\/\\\/mychoccy.com\\\/en\\\/product\\\/chili-malna-bonbon\\\/#primaryimage\"},\"image\":{\"@id\":\"https:\\\/\\\/mychoccy.com\\\/en\\\/product\\\/chili-malna-bonbon\\\/#primaryimage\"},\"thumbnailUrl\":\"https:\\\/\\\/mychoccy.com\\\/wp-content\\\/uploads\\\/2023\\\/09\\\/chili-malna.jpg\",\"datePublished\":\"2020-04-11T15:04:15+00:00\",\"dateModified\":\"2026-01-08T06:37:42+00:00\",\"description\":\"A klasszikus, l\u00e1gyan olvad\u00f3 m\u00e1lnakr\u00e9met szellemchilivel tett\u00fck m\u00e9g izgalmasabb\u00e1.\u00a0Ahhoz, hogy az \u00e9tcsokol\u00e1d\u00e9 kellemesen keserny\u00e9s \u00edzvil\u00e1ga j\u00f3l\",\"breadcrumb\":{\"@id\":\"https:\\\/\\\/mychoccy.com\\\/en\\\/product\\\/chili-malna-bonbon\\\/#breadcrumb\"},\"inLanguage\":\"en-US\",\"potentialAction\":[{\"@type\":\"ReadAction\",\"target\":[\"https:\\\/\\\/mychoccy.com\\\/en\\\/product\\\/chili-malna-bonbon\\\/\"]}]},{\"@type\":\"ImageObject\",\"inLanguage\":\"en-US\",\"@id\":\"https:\\\/\\\/mychoccy.com\\\/en\\\/product\\\/chili-malna-bonbon\\\/#primaryimage\",\"url\":\"https:\\\/\\\/mychoccy.com\\\/wp-content\\\/uploads\\\/2023\\\/09\\\/chili-malna.jpg\",\"contentUrl\":\"https:\\\/\\\/mychoccy.com\\\/wp-content\\\/uploads\\\/2023\\\/09\\\/chili-malna.jpg\",\"width\":1200,\"height\":800},{\"@type\":\"BreadcrumbList\",\"@id\":\"https:\\\/\\\/mychoccy.com\\\/en\\\/product\\\/chili-malna-bonbon\\\/#breadcrumb\",\"itemListElement\":[{\"@type\":\"ListItem\",\"position\":1,\"name\":\"Home\",\"item\":\"https:\\\/\\\/mychoccy.com\\\/en\\\/\"},{\"@type\":\"ListItem\",\"position\":2,\"name\":\"Shop\",\"item\":\"https:\\\/\\\/mychoccy.com\\\/en\\\/shop-2\\\/\"},{\"@type\":\"ListItem\",\"position\":3,\"name\":\"Chili &#8211; m\u00e1lna bonbon\"}]},{\"@type\":\"WebSite\",\"@id\":\"https:\\\/\\\/mychoccy.com\\\/en\\\/#website\",\"url\":\"https:\\\/\\\/mychoccy.com\\\/en\\\/\",\"name\":\"MyChoccy\",\"description\":\"Csokol\u00e1d\u00e9 kreat\u00edvan\",\"potentialAction\":[{\"@type\":\"SearchAction\",\"target\":{\"@type\":\"EntryPoint\",\"urlTemplate\":\"https:\\\/\\\/mychoccy.com\\\/en\\\/?s={search_term_string}\"},\"query-input\":{\"@type\":\"PropertyValueSpecification\",\"valueRequired\":true,\"valueName\":\"search_term_string\"}}],\"inLanguage\":\"en-US\"}]}<\/script>\n<!-- \/ Yoast SEO plugin. -->","yoast_head_json":{"title":"Chili - m\u00e1lna bonbon - MyChoccy","description":"A klasszikus, l\u00e1gyan olvad\u00f3 m\u00e1lnakr\u00e9met szellemchilivel tett\u00fck m\u00e9g izgalmasabb\u00e1.\u00a0Ahhoz, hogy az \u00e9tcsokol\u00e1d\u00e9 kellemesen keserny\u00e9s \u00edzvil\u00e1ga j\u00f3l","robots":{"index":"index","follow":"follow","max-snippet":"max-snippet:-1","max-image-preview":"max-image-preview:large","max-video-preview":"max-video-preview:-1"},"canonical":"https:\/\/mychoccy.com\/en\/product\/chili-malna-bonbon\/","og_locale":"en_US","og_type":"article","og_title":"Chili - m\u00e1lna bonbon - MyChoccy","og_description":"A klasszikus, l\u00e1gyan olvad\u00f3 m\u00e1lnakr\u00e9met szellemchilivel tett\u00fck m\u00e9g izgalmasabb\u00e1.\u00a0Ahhoz, hogy az \u00e9tcsokol\u00e1d\u00e9 kellemesen keserny\u00e9s \u00edzvil\u00e1ga j\u00f3l","og_url":"https:\/\/mychoccy.com\/en\/product\/chili-malna-bonbon\/","og_site_name":"MyChoccy","article_modified_time":"2026-01-08T06:37:42+00:00","og_image":[{"width":1200,"height":800,"url":"https:\/\/mychoccy.com\/wp-content\/uploads\/2023\/09\/chili-malna.jpg","type":"image\/jpeg"}],"twitter_card":"summary_large_image","twitter_misc":{"Est. reading time":"1 minute"},"schema":{"@context":"https:\/\/schema.org","@graph":[{"@type":"WebPage","@id":"https:\/\/mychoccy.com\/en\/product\/chili-malna-bonbon\/","url":"https:\/\/mychoccy.com\/en\/product\/chili-malna-bonbon\/","name":"Chili - m\u00e1lna bonbon - MyChoccy","isPartOf":{"@id":"https:\/\/mychoccy.com\/en\/#website"},"primaryImageOfPage":{"@id":"https:\/\/mychoccy.com\/en\/product\/chili-malna-bonbon\/#primaryimage"},"image":{"@id":"https:\/\/mychoccy.com\/en\/product\/chili-malna-bonbon\/#primaryimage"},"thumbnailUrl":"https:\/\/mychoccy.com\/wp-content\/uploads\/2023\/09\/chili-malna.jpg","datePublished":"2020-04-11T15:04:15+00:00","dateModified":"2026-01-08T06:37:42+00:00","description":"A klasszikus, l\u00e1gyan olvad\u00f3 m\u00e1lnakr\u00e9met szellemchilivel tett\u00fck m\u00e9g izgalmasabb\u00e1.\u00a0Ahhoz, hogy az \u00e9tcsokol\u00e1d\u00e9 kellemesen keserny\u00e9s \u00edzvil\u00e1ga j\u00f3l","breadcrumb":{"@id":"https:\/\/mychoccy.com\/en\/product\/chili-malna-bonbon\/#breadcrumb"},"inLanguage":"en-US","potentialAction":[{"@type":"ReadAction","target":["https:\/\/mychoccy.com\/en\/product\/chili-malna-bonbon\/"]}]},{"@type":"ImageObject","inLanguage":"en-US","@id":"https:\/\/mychoccy.com\/en\/product\/chili-malna-bonbon\/#primaryimage","url":"https:\/\/mychoccy.com\/wp-content\/uploads\/2023\/09\/chili-malna.jpg","contentUrl":"https:\/\/mychoccy.com\/wp-content\/uploads\/2023\/09\/chili-malna.jpg","width":1200,"height":800},{"@type":"BreadcrumbList","@id":"https:\/\/mychoccy.com\/en\/product\/chili-malna-bonbon\/#breadcrumb","itemListElement":[{"@type":"ListItem","position":1,"name":"Home","item":"https:\/\/mychoccy.com\/en\/"},{"@type":"ListItem","position":2,"name":"Shop","item":"https:\/\/mychoccy.com\/en\/shop-2\/"},{"@type":"ListItem","position":3,"name":"Chili &#8211; m\u00e1lna bonbon"}]},{"@type":"WebSite","@id":"https:\/\/mychoccy.com\/en\/#website","url":"https:\/\/mychoccy.com\/en\/","name":"MyChoccy","description":"Csokol\u00e1d\u00e9 kreat\u00edvan","potentialAction":[{"@type":"SearchAction","target":{"@type":"EntryPoint","urlTemplate":"https:\/\/mychoccy.com\/en\/?s={search_term_string}"},"query-input":{"@type":"PropertyValueSpecification","valueRequired":true,"valueName":"search_term_string"}}],"inLanguage":"en-US"}]}},"jetpack_sharing_enabled":true,"_links":{"self":[{"href":"https:\/\/mychoccy.com\/en\/wp-json\/wp\/v2\/product\/13200","targetHints":{"allow":["GET"]}}],"collection":[{"href":"https:\/\/mychoccy.com\/en\/wp-json\/wp\/v2\/product"}],"about":[{"href":"https:\/\/mychoccy.com\/en\/wp-json\/wp\/v2\/types\/product"}],"wp:featuredmedia":[{"embeddable":true,"href":"https:\/\/mychoccy.com\/en\/wp-json\/wp\/v2\/media\/16881"}],"wp:attachment":[{"href":"https:\/\/mychoccy.com\/en\/wp-json\/wp\/v2\/media?parent=13200"}],"wp:term":[{"taxonomy":"product_brand","embeddable":true,"href":"https:\/\/mychoccy.com\/en\/wp-json\/wp\/v2\/product_brand?post=13200"},{"taxonomy":"product_cat","embeddable":true,"href":"https:\/\/mychoccy.com\/en\/wp-json\/wp\/v2\/product_cat?post=13200"},{"taxonomy":"product_tag","embeddable":true,"href":"https:\/\/mychoccy.com\/en\/wp-json\/wp\/v2\/product_tag?post=13200"}],"curies":[{"name":"wp","href":"https:\/\/api.w.org\/{rel}","templated":true}]}}