{"id":13123,"date":"2020-04-10T16:29:52","date_gmt":"2020-04-10T14:29:52","guid":{"rendered":"https:\/\/mychoccy.com\/?post_type=product&#038;p=13123"},"modified":"2026-03-15T15:09:20","modified_gmt":"2026-03-15T14:09:20","slug":"6-szemes-pipettas-truffel-valogatas","status":"publish","type":"product","link":"https:\/\/mychoccy.com\/en\/product\/6-szemes-pipettas-truffel-valogatas\/","title":{"rendered":"Pipett\u00e1s tr\u00fcffel v\u00e1logat\u00e1s &#8211; 6 szemes"},"content":{"rendered":"<p>Formabont\u00f3 kivitelez\u00e9s, v\u00e1logatott alkoholos italok \u00e9s kiv\u00e1l\u00f3 csokol\u00e1d\u00e9&#8230; t\u00f6k\u00e9letes v\u00e1laszt\u00e1s az alkoholos \u00edzek kedvel\u0151inek.<\/p>\n<p>Ahhoz, hogy inform\u00e1ci\u00f3t kapj a v\u00e1logat\u00e1sban szerepl\u0151 csokol\u00e1d\u00e9kr\u00f3l, illetve azok r\u00e9szletes le\u00edr\u00e1sair\u00f3l, kattints a nev\u00fckre az al\u00e1bbi list\u00e1ban.<\/p>\n<p>6 szemes pipett\u00e1s tr\u00fcffel v\u00e1logat\u00e1s:<\/p>\n<ul>\n<li><a href=\"https:\/\/mychoccy.com\/product\/aranymuskotaly-muskotalyos-szolo-pipettas-truffel\/\" target=\"_blank\" rel=\"noopener noreferrer\">Aranymuskot\u00e1ly \u2013 muskot\u00e1lyos sz\u0151l\u0151 pipett\u00e1s tr\u00fcffel<\/a><\/li>\n<li><a href=\"https:\/\/mychoccy.com\/product\/barackpalinkas-barackos-pipettas-truffel\/\" target=\"_blank\" rel=\"noopener noreferrer\">Barackp\u00e1link\u00e1s \u2013 barackos pipett\u00e1s tr\u00fcffel<\/a><\/li>\n<li><a href=\"https:\/\/mychoccy.com\/product\/mogyoro-baileys-pipettas-truffel\/\" target=\"_blank\" rel=\"noopener noreferrer\">Mogyor\u00f3 \u2013 Baileys pipett\u00e1s tr\u00fcffel<\/a><\/li>\n<li><a href=\"https:\/\/mychoccy.com\/product\/mezes-cseresznyepalinkas-pipettas-truffel\/\" target=\"_blank\" rel=\"noopener noreferrer\">M\u00e9zes cseresznyep\u00e1link\u00e1s pipett\u00e1s tr\u00fcffel<\/a><\/li>\n<li><a href=\"https:\/\/mychoccy.com\/product\/szilvapalinkas-szilvas-pipettas-truffel\/\" target=\"_blank\" rel=\"noopener noreferrer\">Szilvap\u00e1link\u00e1s \u2013 szilv\u00e1s pipett\u00e1s tr\u00fcffel<\/a><\/li>\n<li><a href=\"https:\/\/mychoccy.com\/product\/rum-kokusz-pipettas-truffel\/\" target=\"_blank\" rel=\"noopener noreferrer\">Rum \u2013 k\u00f3kusz pipett\u00e1s tr\u00fcffel<\/a><\/li>\n<\/ul>\n","protected":false},"excerpt":{"rendered":"<p>Formabont\u00f3 kivitelez\u00e9s, v\u00e1logatott alkoholos italok \u00e9s kiv\u00e1l\u00f3 csokol\u00e1d\u00e9&#8230; t\u00f6k\u00e9letes v\u00e1laszt\u00e1s az alkoholos \u00edzek kedvel\u0151inek. Ahhoz, hogy inform\u00e1ci\u00f3t kapj a v\u00e1logat\u00e1sban szerepl\u0151 csokol\u00e1d\u00e9kr\u00f3l, illetve azok r\u00e9szletes le\u00edr\u00e1sair\u00f3l, kattints a nev\u00fckre az al\u00e1bbi list\u00e1ban. 6 szemes pipett\u00e1s tr\u00fcffel v\u00e1logat\u00e1s: Aranymuskot\u00e1ly \u2013 muskot\u00e1lyos [&hellip;]<\/p>\n","protected":false},"featured_media":13526,"template":"","meta":{"inline_featured_image":false},"product_brand":[],"product_cat":[247],"product_tag":[314,184,179,313,300],"class_list":{"0":"post-13123","1":"product","2":"type-product","3":"status-publish","4":"has-post-thumbnail","6":"product_cat-bonbon-valogatasok","7":"product_tag-alkohol","8":"product_tag-etcsokolade","9":"product_tag-feher-csokolade","10":"product_tag-gyumolcs","11":"product_tag-tejcsokolade","13":"first","14":"instock","15":"taxable","16":"shipping-taxable","17":"purchasable","18":"product-type-simple"},"yoast_head":"<!-- This site is optimized with the Yoast SEO plugin v27.6 - https:\/\/yoast.com\/product\/yoast-seo-wordpress\/ -->\n<title>Pipett\u00e1s tr\u00fcffel v\u00e1logat\u00e1s - 6 szemes - MyChoccy<\/title>\n<meta name=\"description\" content=\"Formabont\u00f3 kivitelez\u00e9s, v\u00e1logatott alkoholos italok \u00e9s kiv\u00e1l\u00f3 csokol\u00e1d\u00e9... t\u00f6k\u00e9letes v\u00e1laszt\u00e1s az alkoholos \u00edzek kedvel\u0151inek. Ahhoz, hogy inform\u00e1ci\u00f3t kapj\" \/>\n<meta name=\"robots\" content=\"index, follow, max-snippet:-1, max-image-preview:large, max-video-preview:-1\" \/>\n<link rel=\"canonical\" href=\"https:\/\/mychoccy.com\/en\/product\/6-szemes-pipettas-truffel-valogatas\/\" \/>\n<meta property=\"og:locale\" content=\"en_US\" \/>\n<meta property=\"og:type\" content=\"article\" \/>\n<meta property=\"og:title\" content=\"Pipett\u00e1s tr\u00fcffel v\u00e1logat\u00e1s - 6 szemes - MyChoccy\" \/>\n<meta property=\"og:description\" content=\"Formabont\u00f3 kivitelez\u00e9s, v\u00e1logatott alkoholos italok \u00e9s kiv\u00e1l\u00f3 csokol\u00e1d\u00e9... t\u00f6k\u00e9letes v\u00e1laszt\u00e1s az alkoholos \u00edzek kedvel\u0151inek. Ahhoz, hogy inform\u00e1ci\u00f3t kapj\" \/>\n<meta property=\"og:url\" content=\"https:\/\/mychoccy.com\/en\/product\/6-szemes-pipettas-truffel-valogatas\/\" \/>\n<meta property=\"og:site_name\" content=\"MyChoccy\" \/>\n<meta property=\"article:modified_time\" content=\"2026-03-15T14:09:20+00:00\" \/>\n<meta property=\"og:image\" content=\"https:\/\/mychoccy.com\/wp-content\/uploads\/2020\/04\/6sz_pipett\u00e1s1.jpg\" \/>\n\t<meta property=\"og:image:width\" content=\"1200\" \/>\n\t<meta property=\"og:image:height\" content=\"862\" \/>\n\t<meta property=\"og:image:type\" content=\"image\/jpeg\" \/>\n<meta name=\"twitter:card\" content=\"summary_large_image\" \/>\n<meta name=\"twitter:label1\" content=\"Est. reading time\" \/>\n\t<meta name=\"twitter:data1\" content=\"1 minute\" \/>\n<script type=\"application\/ld+json\" class=\"yoast-schema-graph\">{\"@context\":\"https:\\\/\\\/schema.org\",\"@graph\":[{\"@type\":\"WebPage\",\"@id\":\"https:\\\/\\\/mychoccy.com\\\/en\\\/product\\\/6-szemes-pipettas-truffel-valogatas\\\/\",\"url\":\"https:\\\/\\\/mychoccy.com\\\/en\\\/product\\\/6-szemes-pipettas-truffel-valogatas\\\/\",\"name\":\"Pipett\u00e1s tr\u00fcffel v\u00e1logat\u00e1s - 6 szemes - MyChoccy\",\"isPartOf\":{\"@id\":\"https:\\\/\\\/mychoccy.com\\\/en\\\/#website\"},\"primaryImageOfPage\":{\"@id\":\"https:\\\/\\\/mychoccy.com\\\/en\\\/product\\\/6-szemes-pipettas-truffel-valogatas\\\/#primaryimage\"},\"image\":{\"@id\":\"https:\\\/\\\/mychoccy.com\\\/en\\\/product\\\/6-szemes-pipettas-truffel-valogatas\\\/#primaryimage\"},\"thumbnailUrl\":\"https:\\\/\\\/mychoccy.com\\\/wp-content\\\/uploads\\\/2020\\\/04\\\/6sz_pipett\u00e1s1.jpg\",\"datePublished\":\"2020-04-10T14:29:52+00:00\",\"dateModified\":\"2026-03-15T14:09:20+00:00\",\"description\":\"Formabont\u00f3 kivitelez\u00e9s, v\u00e1logatott alkoholos italok \u00e9s kiv\u00e1l\u00f3 csokol\u00e1d\u00e9... t\u00f6k\u00e9letes v\u00e1laszt\u00e1s az alkoholos \u00edzek kedvel\u0151inek. Ahhoz, hogy inform\u00e1ci\u00f3t kapj\",\"breadcrumb\":{\"@id\":\"https:\\\/\\\/mychoccy.com\\\/en\\\/product\\\/6-szemes-pipettas-truffel-valogatas\\\/#breadcrumb\"},\"inLanguage\":\"en-US\",\"potentialAction\":[{\"@type\":\"ReadAction\",\"target\":[\"https:\\\/\\\/mychoccy.com\\\/en\\\/product\\\/6-szemes-pipettas-truffel-valogatas\\\/\"]}]},{\"@type\":\"ImageObject\",\"inLanguage\":\"en-US\",\"@id\":\"https:\\\/\\\/mychoccy.com\\\/en\\\/product\\\/6-szemes-pipettas-truffel-valogatas\\\/#primaryimage\",\"url\":\"https:\\\/\\\/mychoccy.com\\\/wp-content\\\/uploads\\\/2020\\\/04\\\/6sz_pipett\u00e1s1.jpg\",\"contentUrl\":\"https:\\\/\\\/mychoccy.com\\\/wp-content\\\/uploads\\\/2020\\\/04\\\/6sz_pipett\u00e1s1.jpg\",\"width\":1200,\"height\":862},{\"@type\":\"BreadcrumbList\",\"@id\":\"https:\\\/\\\/mychoccy.com\\\/en\\\/product\\\/6-szemes-pipettas-truffel-valogatas\\\/#breadcrumb\",\"itemListElement\":[{\"@type\":\"ListItem\",\"position\":1,\"name\":\"Home\",\"item\":\"https:\\\/\\\/mychoccy.com\\\/en\\\/\"},{\"@type\":\"ListItem\",\"position\":2,\"name\":\"Shop\",\"item\":\"https:\\\/\\\/mychoccy.com\\\/en\\\/shop-2\\\/\"},{\"@type\":\"ListItem\",\"position\":3,\"name\":\"Pipett\u00e1s tr\u00fcffel v\u00e1logat\u00e1s &#8211; 6 szemes\"}]},{\"@type\":\"WebSite\",\"@id\":\"https:\\\/\\\/mychoccy.com\\\/en\\\/#website\",\"url\":\"https:\\\/\\\/mychoccy.com\\\/en\\\/\",\"name\":\"MyChoccy\",\"description\":\"Csokol\u00e1d\u00e9 kreat\u00edvan\",\"potentialAction\":[{\"@type\":\"SearchAction\",\"target\":{\"@type\":\"EntryPoint\",\"urlTemplate\":\"https:\\\/\\\/mychoccy.com\\\/en\\\/?s={search_term_string}\"},\"query-input\":{\"@type\":\"PropertyValueSpecification\",\"valueRequired\":true,\"valueName\":\"search_term_string\"}}],\"inLanguage\":\"en-US\"}]}<\/script>\n<!-- \/ Yoast SEO plugin. -->","yoast_head_json":{"title":"Pipett\u00e1s tr\u00fcffel v\u00e1logat\u00e1s - 6 szemes - MyChoccy","description":"Formabont\u00f3 kivitelez\u00e9s, v\u00e1logatott alkoholos italok \u00e9s kiv\u00e1l\u00f3 csokol\u00e1d\u00e9... t\u00f6k\u00e9letes v\u00e1laszt\u00e1s az alkoholos \u00edzek kedvel\u0151inek. Ahhoz, hogy inform\u00e1ci\u00f3t kapj","robots":{"index":"index","follow":"follow","max-snippet":"max-snippet:-1","max-image-preview":"max-image-preview:large","max-video-preview":"max-video-preview:-1"},"canonical":"https:\/\/mychoccy.com\/en\/product\/6-szemes-pipettas-truffel-valogatas\/","og_locale":"en_US","og_type":"article","og_title":"Pipett\u00e1s tr\u00fcffel v\u00e1logat\u00e1s - 6 szemes - MyChoccy","og_description":"Formabont\u00f3 kivitelez\u00e9s, v\u00e1logatott alkoholos italok \u00e9s kiv\u00e1l\u00f3 csokol\u00e1d\u00e9... t\u00f6k\u00e9letes v\u00e1laszt\u00e1s az alkoholos \u00edzek kedvel\u0151inek. Ahhoz, hogy inform\u00e1ci\u00f3t kapj","og_url":"https:\/\/mychoccy.com\/en\/product\/6-szemes-pipettas-truffel-valogatas\/","og_site_name":"MyChoccy","article_modified_time":"2026-03-15T14:09:20+00:00","og_image":[{"width":1200,"height":862,"url":"https:\/\/mychoccy.com\/wp-content\/uploads\/2020\/04\/6sz_pipett\u00e1s1.jpg","type":"image\/jpeg"}],"twitter_card":"summary_large_image","twitter_misc":{"Est. reading time":"1 minute"},"schema":{"@context":"https:\/\/schema.org","@graph":[{"@type":"WebPage","@id":"https:\/\/mychoccy.com\/en\/product\/6-szemes-pipettas-truffel-valogatas\/","url":"https:\/\/mychoccy.com\/en\/product\/6-szemes-pipettas-truffel-valogatas\/","name":"Pipett\u00e1s tr\u00fcffel v\u00e1logat\u00e1s - 6 szemes - MyChoccy","isPartOf":{"@id":"https:\/\/mychoccy.com\/en\/#website"},"primaryImageOfPage":{"@id":"https:\/\/mychoccy.com\/en\/product\/6-szemes-pipettas-truffel-valogatas\/#primaryimage"},"image":{"@id":"https:\/\/mychoccy.com\/en\/product\/6-szemes-pipettas-truffel-valogatas\/#primaryimage"},"thumbnailUrl":"https:\/\/mychoccy.com\/wp-content\/uploads\/2020\/04\/6sz_pipett\u00e1s1.jpg","datePublished":"2020-04-10T14:29:52+00:00","dateModified":"2026-03-15T14:09:20+00:00","description":"Formabont\u00f3 kivitelez\u00e9s, v\u00e1logatott alkoholos italok \u00e9s kiv\u00e1l\u00f3 csokol\u00e1d\u00e9... t\u00f6k\u00e9letes v\u00e1laszt\u00e1s az alkoholos \u00edzek kedvel\u0151inek. Ahhoz, hogy inform\u00e1ci\u00f3t kapj","breadcrumb":{"@id":"https:\/\/mychoccy.com\/en\/product\/6-szemes-pipettas-truffel-valogatas\/#breadcrumb"},"inLanguage":"en-US","potentialAction":[{"@type":"ReadAction","target":["https:\/\/mychoccy.com\/en\/product\/6-szemes-pipettas-truffel-valogatas\/"]}]},{"@type":"ImageObject","inLanguage":"en-US","@id":"https:\/\/mychoccy.com\/en\/product\/6-szemes-pipettas-truffel-valogatas\/#primaryimage","url":"https:\/\/mychoccy.com\/wp-content\/uploads\/2020\/04\/6sz_pipett\u00e1s1.jpg","contentUrl":"https:\/\/mychoccy.com\/wp-content\/uploads\/2020\/04\/6sz_pipett\u00e1s1.jpg","width":1200,"height":862},{"@type":"BreadcrumbList","@id":"https:\/\/mychoccy.com\/en\/product\/6-szemes-pipettas-truffel-valogatas\/#breadcrumb","itemListElement":[{"@type":"ListItem","position":1,"name":"Home","item":"https:\/\/mychoccy.com\/en\/"},{"@type":"ListItem","position":2,"name":"Shop","item":"https:\/\/mychoccy.com\/en\/shop-2\/"},{"@type":"ListItem","position":3,"name":"Pipett\u00e1s tr\u00fcffel v\u00e1logat\u00e1s &#8211; 6 szemes"}]},{"@type":"WebSite","@id":"https:\/\/mychoccy.com\/en\/#website","url":"https:\/\/mychoccy.com\/en\/","name":"MyChoccy","description":"Csokol\u00e1d\u00e9 kreat\u00edvan","potentialAction":[{"@type":"SearchAction","target":{"@type":"EntryPoint","urlTemplate":"https:\/\/mychoccy.com\/en\/?s={search_term_string}"},"query-input":{"@type":"PropertyValueSpecification","valueRequired":true,"valueName":"search_term_string"}}],"inLanguage":"en-US"}]}},"jetpack_sharing_enabled":true,"_links":{"self":[{"href":"https:\/\/mychoccy.com\/en\/wp-json\/wp\/v2\/product\/13123","targetHints":{"allow":["GET"]}}],"collection":[{"href":"https:\/\/mychoccy.com\/en\/wp-json\/wp\/v2\/product"}],"about":[{"href":"https:\/\/mychoccy.com\/en\/wp-json\/wp\/v2\/types\/product"}],"wp:featuredmedia":[{"embeddable":true,"href":"https:\/\/mychoccy.com\/en\/wp-json\/wp\/v2\/media\/13526"}],"wp:attachment":[{"href":"https:\/\/mychoccy.com\/en\/wp-json\/wp\/v2\/media?parent=13123"}],"wp:term":[{"taxonomy":"product_brand","embeddable":true,"href":"https:\/\/mychoccy.com\/en\/wp-json\/wp\/v2\/product_brand?post=13123"},{"taxonomy":"product_cat","embeddable":true,"href":"https:\/\/mychoccy.com\/en\/wp-json\/wp\/v2\/product_cat?post=13123"},{"taxonomy":"product_tag","embeddable":true,"href":"https:\/\/mychoccy.com\/en\/wp-json\/wp\/v2\/product_tag?post=13123"}],"curies":[{"name":"wp","href":"https:\/\/api.w.org\/{rel}","templated":true}]}}