{"id":17068,"date":"2023-12-22T22:18:53","date_gmt":"2023-12-22T21:18:53","guid":{"rendered":"https:\/\/mychoccy.com\/?page_id=17068"},"modified":"2023-12-22T22:37:50","modified_gmt":"2023-12-22T21:37:50","slug":"hunguestsaliris-cm-vegan-4","status":"publish","type":"page","link":"https:\/\/mychoccy.com\/en\/hunguestsaliris-cm-vegan-4\/","title":{"rendered":"HunguestSaliris \u2013 cm vegan 4"},"content":{"rendered":"<p>[vc_row row_content_width=&#8221;grid&#8221; css=&#8221;.vc_custom_1586531891616{padding-top: 10px !important;padding-bottom: 10px !important;}&#8221; simple_background_image_1280=&#8221;9098&#8243;][vc_column offset=&#8221;vc_col-lg-12&#8243;]<div class=\"eltdf-elements-holder eltdf-one-column eltdf-responsive-mode-768\" ><div class=\"eltdf-eh-item eltdf-vertical-alignment-top\"  data-item-class=\"eltdf-eh-custom-714900\" data-768-1024=\"0px 0% 0px 0%\">\n\t<div class=\"eltdf-eh-item-inner\">\n\t\t<div class=\"eltdf-eh-item-content eltdf-eh-custom-714900\" style=\"padding: 0px 5% 0px 0%\">\n\t\t\t<div class=\"eltdf-section-title-holder  \" style=\"text-align: left\">\n\t\t\t<h2 class=\"eltdf-st-title eltdf-title-left\" style=\"color: #030303\">\n\t\t\t<span>A unique selection for Hunguest Saliris guests.<\/span>\n\t\t<\/h2>\n\t\t\t\t<p class=\"eltdf-st-text\" >Sugar-free - vegan handcrafted sweets selection<\/p>\n\t<\/div>\t\t<\/div>\n\t<\/div>\n<\/div><\/div>[\/vc_column][\/vc_row][vc_row full_width=&#8221;stretch_row&#8221; equal_height=&#8221;yes&#8221; content_placement=&#8221;middle&#8221;][vc_column width=&#8221;2\/3&#8243;]<div class=\"eltdf-elements-holder eltdf-one-column eltdf-responsive-mode-768\" ><div class=\"eltdf-eh-item \"  data-item-class=\"eltdf-eh-custom-402348\">\n\t<div class=\"eltdf-eh-item-inner\">\n\t\t<div class=\"eltdf-eh-item-content eltdf-eh-custom-402348\" style=\"padding: 0px 5% 0px 0%\">\n\t\t\t[vc_single_image image=&#8221;17062&#8243; img_size=&#8221;large&#8221;]\t\t<\/div>\n\t<\/div>\n<\/div><\/div>[\/vc_column][vc_column width=&#8221;1\/3&#8243;]<div class=\"eltdf-elements-holder eltdf-one-column eltdf-responsive-mode-768\" ><div class=\"eltdf-eh-item \"  data-item-class=\"eltdf-eh-custom-664967\" data-1280-1600=\"0px 22% 0px 0%\" data-1024-1280=\"0px 11% 0px 0%\" data-768-1024=\"0px 27% 40px 0%\">\n\t<div class=\"eltdf-eh-item-inner\">\n\t\t<div class=\"eltdf-eh-item-content eltdf-eh-custom-664967\" style=\"padding: 0px 5% 0px 0%\">\n\t\t\t[vc_column_text]Dear Guest!<\/p>\n<p>Our hotel wishes you a Merry Christmas and a Happy New Year! Please accept our gift.<\/p>\n<p>Best regards,<\/p>\n<p>Hunguest Saliris[\/vc_column_text]\t\t<\/div>\n\t<\/div>\n<\/div><\/div>[\/vc_column][\/vc_row][vc_row gap=&#8221;2&#8243; css=&#8221;.vc_custom_1693735473555{padding-top: 100px !important;padding-bottom: 100px !important;}&#8221;][vc_column width=&#8221;1\/4&#8243;]<div class=\"eltdf-elements-holder eltdf-four-columns eltdf-responsive-mode-768\" ><div class=\"eltdf-eh-item eltdf-horizontal-alignment-center\"  data-item-class=\"eltdf-eh-custom-943312\">\n\t<div class=\"eltdf-eh-item-inner\">\n\t\t<div class=\"eltdf-eh-item-content eltdf-eh-custom-943312\" >\n\t\t\t[vc_single_image image=&#8221;17061&#8243; img_size=&#8221;medium&#8221; alignment=&#8221;center&#8221;][vc_column_text]<strong>Grapefruit bonbon<\/strong><\/p>\n<p>A real taste bomb. Sour, bitter, but still sweet. Like a clove of fresh, ripe grapefruit. It can be eaten by diabetics, insulin-resistant people and those on Low Carb, Paleo, vegan or KETO diets.<\/p>\n<p>Ingredients: dark chocolate (sweetener: maltitol), vegan cream, grapefruit puree, coconut oil.<br \/>\nPossible allergens: soya lecithin<\/p>\n<p>Average nutritional value in 1 bonbon (1 serving):<br \/>\nEnergy: 171 kJ \/ 41 kcal<br \/>\nFat: 2,99 g (of which saturated fat: 1,94 g)<br \/>\nCarbohydrate: 3,94 g (of which sugars: 0,45 g, polyol: 3,09 g)<br \/>\nProtein 0.37 g<br \/>\nSalt: 0.01 g<\/p>\n<p>The polyol content in the nutrition table refers to the maltitol polyol content only. The amounts of mono- and disaccharides in chocolate and fruit are indicated in the sugar content.[\/vc_column_text]\t\t<\/div>\n\t<\/div>\n<\/div><\/div>[\/vc_column][vc_column width=&#8221;1\/4&#8243;]<div class=\"eltdf-elements-holder eltdf-one-column eltdf-responsive-mode-768\" ><div class=\"eltdf-eh-item eltdf-horizontal-alignment-center\"  data-item-class=\"eltdf-eh-custom-343622\">\n\t<div class=\"eltdf-eh-item-inner\">\n\t\t<div class=\"eltdf-eh-item-content eltdf-eh-custom-343622\" >\n\t\t\t[vc_single_image image=&#8221;17059&#8243; img_size=&#8221;medium&#8221; alignment=&#8221;center&#8221;][vc_column_text]<strong>Hazelnut bonbon<\/strong><\/p>\n<p>An elegant treat for lovers of classic flavours. A fantastic combination of roasted Piedmont hazelnuts and bitter dark chocolate. It can be eaten by diabetics, insulin-resistant people and those on a Low Carb, Paleo, vegan or KETO diet.<\/p>\n<p>Ingredients: dark chocolate (sweetener: maltitol), hazelnut paste, cold pressed grapeseed oil, coconut oil.<br \/>\nPossible allergens: soya lecithin, hazelnut<\/p>\n<p>Average nutritional value in 1 bonbon (1 serving):<br \/>\nEnergy: 243 kJ \/ 58 kcal<br \/>\nFat: 5,16 g (of which saturated fatty acids: 2,31 g)<br \/>\nCarbohydrate: 3,15 g (of which sugars: 0,09 g, polyol: 2,71 g)<br \/>\nProtein 0.58 g<br \/>\nSalt: 0.00 g<\/p>\n<p>The polyol content in the nutrition table refers to the maltitol polyol content only. \u00a0The amounts of mono- and disaccharides in chocolate and fruit are indicated in the sugar content.[\/vc_column_text]\t\t<\/div>\n\t<\/div>\n<\/div><\/div>[\/vc_column][vc_column width=&#8221;1\/4&#8243;]<div class=\"eltdf-elements-holder eltdf-one-column eltdf-responsive-mode-768\" ><div class=\"eltdf-eh-item eltdf-horizontal-alignment-center\"  data-item-class=\"eltdf-eh-custom-735599\">\n\t<div class=\"eltdf-eh-item-inner\">\n\t\t<div class=\"eltdf-eh-item-content eltdf-eh-custom-735599\" >\n\t\t\t[vc_single_image image=&#8221;17058&#8243; img_size=&#8221;medium&#8221; alignment=&#8221;center&#8221;][vc_column_text]<strong>Coffee bonbon<\/strong><\/p>\n<p>The slightly acidic, citrus-y bitter taste of Ecuadorian coffee beans is echoed in this bonbon. It can be eaten by diabetics, insulin-resistant people and people on Low Carb, Paleo, vegan and KETO diets.<\/p>\n<p>Ingredients: dark chocolate (sweetener: maltitol), vegan cream, coffee concentrate, coconut oil<br \/>\nPossible allergens: soya lecithin<\/p>\n<p>Average nutritional value in 1 bonbon (1 serving):<br \/>\nEnergy: 171 kJ \/ 41 kcal<br \/>\nFat: 3,00 g (of which saturated fatty acids: 1,95 g)<br \/>\nCarbohydrate: 3,9 g (of which sugars: 0,22 g; polyol: 3,09 g)<br \/>\nProtein: 0.39 g<br \/>\nSalt: 0.01 g<\/p>\n<p>The polyol content in the nutrition table refers to the maltitol polyol content only. \u00a0The amounts of mono- and disaccharides in chocolate and fruit are indicated in the sugar content.[\/vc_column_text]\t\t<\/div>\n\t<\/div>\n<\/div><\/div>[\/vc_column][vc_column width=&#8221;1\/4&#8243;]<div class=\"eltdf-elements-holder eltdf-one-column eltdf-responsive-mode-768\" ><div class=\"eltdf-eh-item eltdf-horizontal-alignment-center\"  data-item-class=\"eltdf-eh-custom-445429\">\n\t<div class=\"eltdf-eh-item-inner\">\n\t\t<div class=\"eltdf-eh-item-content eltdf-eh-custom-445429\" >\n\t\t\t[vc_single_image image=&#8221;17060&#8243; img_size=&#8221;medium&#8221; alignment=&#8221;center&#8221;][vc_column_text]<strong>Rose pepper &#8211; balsamic vinegar bonbon<\/strong><\/p>\n<p>The spicy character of the rose pepper, the velvety soft acidity of the balsamic vinegar and the sweetly bitter taste of the dark chocolate create a fantastic flavour harmony in this bonbon. It can be eaten by diabetics, insulin-resistant people and those on a Low Carb, Paleo, vegan or KETO diet.<\/p>\n<p>Ingredients: dark chocolate (with sweetener: maltitol), vegan cream, balsamic vinegar, coconut oil, rose pepper<br \/>\nPossible allergens: soya lecithin<\/p>\n<p>Average nutritional value in 1 bonbon (1 serving):<br \/>\nEnergy: 168 kJ \/ 40 kcal<br \/>\nFat: 3,03 g (of which saturated fat: 1,97 g)<br \/>\nCarbohydrate: 3,78 g (of which sugars: 0,37 g; polyol: 3,13 g)<br \/>\nProtein: 0,37 g<br \/>\nSalt: 0.01 g<\/p>\n<p>The polyol content in the nutrition table refers to the maltitol polyol content only. \u00a0The amounts of mono- and disaccharides in chocolate and fruit are indicated in the sugar content.[\/vc_column_text]\t\t<\/div>\n\t<\/div>\n<\/div><\/div>[\/vc_column][\/vc_row]<\/p>\n","protected":false},"excerpt":{"rendered":"<p>[vc_row row_content_width=&#8221;grid&#8221; css=&#8221;.vc_custom_1586531891616{padding-top: 10px !important;padding-bottom: 10px !important;}&#8221; simple_background_image_1280=&#8221;9098&#8243;][vc_column offset=&#8221;vc_col-lg-12&#8243;][\/vc_column][\/vc_row][vc_row full_width=&#8221;stretch_row&#8221; equal_height=&#8221;yes&#8221; content_placement=&#8221;middle&#8221;][vc_column width=&#8221;2\/3&#8243;][\/vc_column][vc_column width=&#8221;1\/3&#8243;][\/vc_column][\/vc_row][vc_row gap=&#8221;2&#8243; css=&#8221;.vc_custom_1693735473555{padding-top: 100px !important;padding-bottom: 100px !important;}&#8221;][vc_column width=&#8221;1\/4&#8243;][\/vc_column][vc_column width=&#8221;1\/4&#8243;][\/vc_column][vc_column width=&#8221;1\/4&#8243;][\/vc_column][vc_column width=&#8221;1\/4&#8243;][\/vc_column][\/vc_row]<\/p>\n","protected":false},"author":1,"featured_media":0,"parent":0,"menu_order":0,"comment_status":"closed","ping_status":"closed","template":"","meta":{"inline_featured_image":false,"footnotes":""},"class_list":["post-17068","page","type-page","status-publish","hentry"],"yoast_head":"<!-- This site is optimized with the Yoast SEO plugin v27.5 - https:\/\/yoast.com\/product\/yoast-seo-wordpress\/ -->\n<title>HunguestSaliris \u2013 cm vegan 4 - MyChoccy<\/title>\n<meta name=\"robots\" content=\"index, follow, max-snippet:-1, max-image-preview:large, max-video-preview:-1\" \/>\n<link rel=\"canonical\" href=\"https:\/\/mychoccy.com\/en\/hunguestsaliris-cm-vegan-4\/\" \/>\n<meta property=\"og:locale\" content=\"en_US\" \/>\n<meta property=\"og:type\" content=\"article\" \/>\n<meta property=\"og:title\" content=\"HunguestSaliris \u2013 cm vegan 4 - MyChoccy\" \/>\n<meta property=\"og:description\" content=\"[vc_row row_content_width=&#8221;grid&#8221; css=&#8221;.vc_custom_1586531891616{padding-top: 10px !important;padding-bottom: 10px !important;}&#8221; simple_background_image_1280=&#8221;9098&#8243;][vc_column offset=&#8221;vc_col-lg-12&#8243;][\/vc_column][\/vc_row][vc_row full_width=&#8221;stretch_row&#8221; equal_height=&#8221;yes&#8221; content_placement=&#8221;middle&#8221;][vc_column width=&#8221;2\/3&#8243;][\/vc_column][vc_column width=&#8221;1\/3&#8243;][\/vc_column][\/vc_row][vc_row gap=&#8221;2&#8243; css=&#8221;.vc_custom_1693735473555{padding-top: 100px !important;padding-bottom: 100px !important;}&#8221;][vc_column width=&#8221;1\/4&#8243;][\/vc_column][vc_column width=&#8221;1\/4&#8243;][\/vc_column][vc_column width=&#8221;1\/4&#8243;][\/vc_column][vc_column width=&#8221;1\/4&#8243;][\/vc_column][\/vc_row]\" \/>\n<meta property=\"og:url\" content=\"https:\/\/mychoccy.com\/en\/hunguestsaliris-cm-vegan-4\/\" \/>\n<meta property=\"og:site_name\" content=\"MyChoccy\" \/>\n<meta property=\"article:modified_time\" content=\"2023-12-22T21:37:50+00:00\" \/>\n<meta name=\"twitter:card\" content=\"summary_large_image\" \/>\n<meta name=\"twitter:label1\" content=\"Est. reading time\" \/>\n\t<meta name=\"twitter:data1\" content=\"5 minutes\" \/>\n<script type=\"application\/ld+json\" class=\"yoast-schema-graph\">{\"@context\":\"https:\\\/\\\/schema.org\",\"@graph\":[{\"@type\":\"WebPage\",\"@id\":\"https:\\\/\\\/mychoccy.com\\\/en\\\/hunguestsaliris-cm-vegan-4\\\/\",\"url\":\"https:\\\/\\\/mychoccy.com\\\/en\\\/hunguestsaliris-cm-vegan-4\\\/\",\"name\":\"HunguestSaliris \u2013 cm vegan 4 - MyChoccy\",\"isPartOf\":{\"@id\":\"https:\\\/\\\/mychoccy.com\\\/en\\\/#website\"},\"datePublished\":\"2023-12-22T21:18:53+00:00\",\"dateModified\":\"2023-12-22T21:37:50+00:00\",\"breadcrumb\":{\"@id\":\"https:\\\/\\\/mychoccy.com\\\/en\\\/hunguestsaliris-cm-vegan-4\\\/#breadcrumb\"},\"inLanguage\":\"en-US\",\"potentialAction\":[{\"@type\":\"ReadAction\",\"target\":[\"https:\\\/\\\/mychoccy.com\\\/en\\\/hunguestsaliris-cm-vegan-4\\\/\"]}]},{\"@type\":\"BreadcrumbList\",\"@id\":\"https:\\\/\\\/mychoccy.com\\\/en\\\/hunguestsaliris-cm-vegan-4\\\/#breadcrumb\",\"itemListElement\":[{\"@type\":\"ListItem\",\"position\":1,\"name\":\"Home\",\"item\":\"https:\\\/\\\/mychoccy.com\\\/en\\\/\"},{\"@type\":\"ListItem\",\"position\":2,\"name\":\"HunguestSaliris \u2013 cm vegan 4\"}]},{\"@type\":\"WebSite\",\"@id\":\"https:\\\/\\\/mychoccy.com\\\/en\\\/#website\",\"url\":\"https:\\\/\\\/mychoccy.com\\\/en\\\/\",\"name\":\"MyChoccy\",\"description\":\"Csokol\u00e1d\u00e9 kreat\u00edvan\",\"potentialAction\":[{\"@type\":\"SearchAction\",\"target\":{\"@type\":\"EntryPoint\",\"urlTemplate\":\"https:\\\/\\\/mychoccy.com\\\/en\\\/?s={search_term_string}\"},\"query-input\":{\"@type\":\"PropertyValueSpecification\",\"valueRequired\":true,\"valueName\":\"search_term_string\"}}],\"inLanguage\":\"en-US\"}]}<\/script>\n<!-- \/ Yoast SEO plugin. -->","yoast_head_json":{"title":"HunguestSaliris \u2013 cm vegan 4 - MyChoccy","robots":{"index":"index","follow":"follow","max-snippet":"max-snippet:-1","max-image-preview":"max-image-preview:large","max-video-preview":"max-video-preview:-1"},"canonical":"https:\/\/mychoccy.com\/en\/hunguestsaliris-cm-vegan-4\/","og_locale":"en_US","og_type":"article","og_title":"HunguestSaliris \u2013 cm vegan 4 - MyChoccy","og_description":"[vc_row row_content_width=&#8221;grid&#8221; css=&#8221;.vc_custom_1586531891616{padding-top: 10px !important;padding-bottom: 10px !important;}&#8221; simple_background_image_1280=&#8221;9098&#8243;][vc_column offset=&#8221;vc_col-lg-12&#8243;][\/vc_column][\/vc_row][vc_row full_width=&#8221;stretch_row&#8221; equal_height=&#8221;yes&#8221; content_placement=&#8221;middle&#8221;][vc_column width=&#8221;2\/3&#8243;][\/vc_column][vc_column width=&#8221;1\/3&#8243;][\/vc_column][\/vc_row][vc_row gap=&#8221;2&#8243; css=&#8221;.vc_custom_1693735473555{padding-top: 100px !important;padding-bottom: 100px !important;}&#8221;][vc_column width=&#8221;1\/4&#8243;][\/vc_column][vc_column width=&#8221;1\/4&#8243;][\/vc_column][vc_column width=&#8221;1\/4&#8243;][\/vc_column][vc_column width=&#8221;1\/4&#8243;][\/vc_column][\/vc_row]","og_url":"https:\/\/mychoccy.com\/en\/hunguestsaliris-cm-vegan-4\/","og_site_name":"MyChoccy","article_modified_time":"2023-12-22T21:37:50+00:00","twitter_card":"summary_large_image","twitter_misc":{"Est. reading time":"5 minutes"},"schema":{"@context":"https:\/\/schema.org","@graph":[{"@type":"WebPage","@id":"https:\/\/mychoccy.com\/en\/hunguestsaliris-cm-vegan-4\/","url":"https:\/\/mychoccy.com\/en\/hunguestsaliris-cm-vegan-4\/","name":"HunguestSaliris \u2013 cm vegan 4 - MyChoccy","isPartOf":{"@id":"https:\/\/mychoccy.com\/en\/#website"},"datePublished":"2023-12-22T21:18:53+00:00","dateModified":"2023-12-22T21:37:50+00:00","breadcrumb":{"@id":"https:\/\/mychoccy.com\/en\/hunguestsaliris-cm-vegan-4\/#breadcrumb"},"inLanguage":"en-US","potentialAction":[{"@type":"ReadAction","target":["https:\/\/mychoccy.com\/en\/hunguestsaliris-cm-vegan-4\/"]}]},{"@type":"BreadcrumbList","@id":"https:\/\/mychoccy.com\/en\/hunguestsaliris-cm-vegan-4\/#breadcrumb","itemListElement":[{"@type":"ListItem","position":1,"name":"Home","item":"https:\/\/mychoccy.com\/en\/"},{"@type":"ListItem","position":2,"name":"HunguestSaliris \u2013 cm vegan 4"}]},{"@type":"WebSite","@id":"https:\/\/mychoccy.com\/en\/#website","url":"https:\/\/mychoccy.com\/en\/","name":"MyChoccy","description":"Csokol\u00e1d\u00e9 kreat\u00edvan","potentialAction":[{"@type":"SearchAction","target":{"@type":"EntryPoint","urlTemplate":"https:\/\/mychoccy.com\/en\/?s={search_term_string}"},"query-input":{"@type":"PropertyValueSpecification","valueRequired":true,"valueName":"search_term_string"}}],"inLanguage":"en-US"}]}},"jetpack_sharing_enabled":true,"_links":{"self":[{"href":"https:\/\/mychoccy.com\/en\/wp-json\/wp\/v2\/pages\/17068","targetHints":{"allow":["GET"]}}],"collection":[{"href":"https:\/\/mychoccy.com\/en\/wp-json\/wp\/v2\/pages"}],"about":[{"href":"https:\/\/mychoccy.com\/en\/wp-json\/wp\/v2\/types\/page"}],"author":[{"embeddable":true,"href":"https:\/\/mychoccy.com\/en\/wp-json\/wp\/v2\/users\/1"}],"replies":[{"embeddable":true,"href":"https:\/\/mychoccy.com\/en\/wp-json\/wp\/v2\/comments?post=17068"}],"version-history":[{"count":0,"href":"https:\/\/mychoccy.com\/en\/wp-json\/wp\/v2\/pages\/17068\/revisions"}],"wp:attachment":[{"href":"https:\/\/mychoccy.com\/en\/wp-json\/wp\/v2\/media?parent=17068"}],"curies":[{"name":"wp","href":"https:\/\/api.w.org\/{rel}","templated":true}]}}