{"id":16773,"date":"2017-03-07T13:10:28","date_gmt":"2017-03-07T12:10:28","guid":{"rendered":"https:\/\/mychoccy.com\/?page_id=16773"},"modified":"2023-09-03T21:22:17","modified_gmt":"2023-09-03T19:22:17","slug":"contact-2","status":"publish","type":"page","link":"https:\/\/mychoccy.com\/en\/contact-2\/","title":{"rendered":"Contact"},"content":{"rendered":"<p>[vc_row row_content_width=&#8221;grid&#8221; css=&#8221;.vc_custom_1586531891616{padding-top: 130px !important;padding-bottom: 130px !important;}&#8221; simple_background_image_1280=&#8221;9098&#8243;][vc_column offset=&#8221;vc_col-lg-6&#8243;]<div class=\"eltdf-elements-holder eltdf-one-column eltdf-responsive-mode-768\" ><div class=\"eltdf-eh-item \"  data-item-class=\"eltdf-eh-custom-681629\" data-768-1024=\"0px 0% 0px 0%\">\n\t<div class=\"eltdf-eh-item-inner\">\n\t\t<div class=\"eltdf-eh-item-content eltdf-eh-custom-681629\" style=\"padding: 0px 5% 0px 0%\">\n\t\t\t<div class=\"eltdf-section-title-holder  \" style=\"text-align: left\">\n\t\t\t<h2 class=\"eltdf-st-title eltdf-title-left\" style=\"color: #030303\">\n\t\t\t<span>Mychoccy<\/span>\n\t\t<\/h2>\n\t\t<\/div>\t\t<\/div>\n\t<\/div>\n<\/div><\/div>[vc_empty_space]<div class=\"eltdf-elements-holder eltdf-two-columns eltdf-responsive-mode-768\" ><div class=\"eltdf-eh-item \"  data-item-class=\"eltdf-eh-custom-620099\" data-1280-1600=\"0px 22% 0px 0%\" data-1024-1280=\"0px 11% 0px 0%\" data-768-1024=\"0px 27% 40px 0%\">\n\t<div class=\"eltdf-eh-item-inner\">\n\t\t<div class=\"eltdf-eh-item-content eltdf-eh-custom-620099\" style=\"padding: 0px 22% 0px 0%\">\n\t\t\t[vc_column_text]Mychoccy &#8211; The Chocolate Bar<br \/>\nH1092 Budapest, R\u00e1day street 40.[\/vc_column_text][vc_empty_space height=&#8221;12px&#8221;][vc_column_text]E-mail: info@mychoccy.com<br \/>\nPhone: +36 (20) 665-4500[\/vc_column_text]\t\t<\/div>\n\t<\/div>\n<\/div><\/div>[\/vc_column][vc_column offset=&#8221;vc_col-lg-6&#8243;]<p class=\"wpcf7-contact-form-not-found\"><strong>Error:<\/strong> Contact form not found.<\/p>[\/vc_column][\/vc_row]<\/p>\n","protected":false},"excerpt":{"rendered":"<p>[vc_row row_content_width=&#8221;grid&#8221; css=&#8221;.vc_custom_1586531891616{padding-top: 130px !important;padding-bottom: 130px !important;}&#8221; simple_background_image_1280=&#8221;9098&#8243;][vc_column offset=&#8221;vc_col-lg-6&#8243;][vc_empty_space][\/vc_column][vc_column offset=&#8221;vc_col-lg-6&#8243;][\/vc_column][\/vc_row]<\/p>\n","protected":false},"author":1,"featured_media":0,"parent":0,"menu_order":0,"comment_status":"closed","ping_status":"closed","template":"full-width.php","meta":{"inline_featured_image":false,"footnotes":""},"class_list":["post-16773","page","type-page","status-publish","hentry"],"yoast_head":"<!-- This site is optimized with the Yoast SEO plugin v27.4 - https:\/\/yoast.com\/product\/yoast-seo-wordpress\/ -->\n<title>Contact - MyChoccy<\/title>\n<meta name=\"robots\" content=\"index, follow, max-snippet:-1, max-image-preview:large, max-video-preview:-1\" \/>\n<link rel=\"canonical\" href=\"https:\/\/mychoccy.com\/en\/contact-2\/\" \/>\n<meta property=\"og:locale\" content=\"en_US\" \/>\n<meta property=\"og:type\" content=\"article\" \/>\n<meta property=\"og:title\" content=\"Contact - MyChoccy\" \/>\n<meta property=\"og:description\" content=\"[vc_row row_content_width=&#8221;grid&#8221; css=&#8221;.vc_custom_1586531891616{padding-top: 130px !important;padding-bottom: 130px !important;}&#8221; simple_background_image_1280=&#8221;9098&#8243;][vc_column offset=&#8221;vc_col-lg-6&#8243;][vc_empty_space][\/vc_column][vc_column offset=&#8221;vc_col-lg-6&#8243;][\/vc_column][\/vc_row]\" \/>\n<meta property=\"og:url\" content=\"https:\/\/mychoccy.com\/en\/contact-2\/\" \/>\n<meta property=\"og:site_name\" content=\"MyChoccy\" \/>\n<meta property=\"article:modified_time\" content=\"2023-09-03T19:22:17+00:00\" \/>\n<meta name=\"twitter:card\" content=\"summary_large_image\" \/>\n<meta name=\"twitter:label1\" content=\"Est. reading time\" \/>\n\t<meta name=\"twitter:data1\" content=\"1 minute\" \/>\n<script type=\"application\/ld+json\" class=\"yoast-schema-graph\">{\"@context\":\"https:\\\/\\\/schema.org\",\"@graph\":[{\"@type\":\"WebPage\",\"@id\":\"https:\\\/\\\/mychoccy.com\\\/en\\\/contact-2\\\/\",\"url\":\"https:\\\/\\\/mychoccy.com\\\/en\\\/contact-2\\\/\",\"name\":\"Contact - MyChoccy\",\"isPartOf\":{\"@id\":\"https:\\\/\\\/mychoccy.com\\\/en\\\/#website\"},\"datePublished\":\"2017-03-07T12:10:28+00:00\",\"dateModified\":\"2023-09-03T19:22:17+00:00\",\"breadcrumb\":{\"@id\":\"https:\\\/\\\/mychoccy.com\\\/en\\\/contact-2\\\/#breadcrumb\"},\"inLanguage\":\"en-US\",\"potentialAction\":[{\"@type\":\"ReadAction\",\"target\":[\"https:\\\/\\\/mychoccy.com\\\/en\\\/contact-2\\\/\"]}]},{\"@type\":\"BreadcrumbList\",\"@id\":\"https:\\\/\\\/mychoccy.com\\\/en\\\/contact-2\\\/#breadcrumb\",\"itemListElement\":[{\"@type\":\"ListItem\",\"position\":1,\"name\":\"Home\",\"item\":\"https:\\\/\\\/mychoccy.com\\\/en\\\/\"},{\"@type\":\"ListItem\",\"position\":2,\"name\":\"Contact\"}]},{\"@type\":\"WebSite\",\"@id\":\"https:\\\/\\\/mychoccy.com\\\/en\\\/#website\",\"url\":\"https:\\\/\\\/mychoccy.com\\\/en\\\/\",\"name\":\"MyChoccy\",\"description\":\"Csokol\u00e1d\u00e9 kreat\u00edvan\",\"potentialAction\":[{\"@type\":\"SearchAction\",\"target\":{\"@type\":\"EntryPoint\",\"urlTemplate\":\"https:\\\/\\\/mychoccy.com\\\/en\\\/?s={search_term_string}\"},\"query-input\":{\"@type\":\"PropertyValueSpecification\",\"valueRequired\":true,\"valueName\":\"search_term_string\"}}],\"inLanguage\":\"en-US\"}]}<\/script>\n<!-- \/ Yoast SEO plugin. -->","yoast_head_json":{"title":"Contact - MyChoccy","robots":{"index":"index","follow":"follow","max-snippet":"max-snippet:-1","max-image-preview":"max-image-preview:large","max-video-preview":"max-video-preview:-1"},"canonical":"https:\/\/mychoccy.com\/en\/contact-2\/","og_locale":"en_US","og_type":"article","og_title":"Contact - MyChoccy","og_description":"[vc_row row_content_width=&#8221;grid&#8221; css=&#8221;.vc_custom_1586531891616{padding-top: 130px !important;padding-bottom: 130px !important;}&#8221; simple_background_image_1280=&#8221;9098&#8243;][vc_column offset=&#8221;vc_col-lg-6&#8243;][vc_empty_space][\/vc_column][vc_column offset=&#8221;vc_col-lg-6&#8243;][\/vc_column][\/vc_row]","og_url":"https:\/\/mychoccy.com\/en\/contact-2\/","og_site_name":"MyChoccy","article_modified_time":"2023-09-03T19:22:17+00:00","twitter_card":"summary_large_image","twitter_misc":{"Est. reading time":"1 minute"},"schema":{"@context":"https:\/\/schema.org","@graph":[{"@type":"WebPage","@id":"https:\/\/mychoccy.com\/en\/contact-2\/","url":"https:\/\/mychoccy.com\/en\/contact-2\/","name":"Contact - MyChoccy","isPartOf":{"@id":"https:\/\/mychoccy.com\/en\/#website"},"datePublished":"2017-03-07T12:10:28+00:00","dateModified":"2023-09-03T19:22:17+00:00","breadcrumb":{"@id":"https:\/\/mychoccy.com\/en\/contact-2\/#breadcrumb"},"inLanguage":"en-US","potentialAction":[{"@type":"ReadAction","target":["https:\/\/mychoccy.com\/en\/contact-2\/"]}]},{"@type":"BreadcrumbList","@id":"https:\/\/mychoccy.com\/en\/contact-2\/#breadcrumb","itemListElement":[{"@type":"ListItem","position":1,"name":"Home","item":"https:\/\/mychoccy.com\/en\/"},{"@type":"ListItem","position":2,"name":"Contact"}]},{"@type":"WebSite","@id":"https:\/\/mychoccy.com\/en\/#website","url":"https:\/\/mychoccy.com\/en\/","name":"MyChoccy","description":"Csokol\u00e1d\u00e9 kreat\u00edvan","potentialAction":[{"@type":"SearchAction","target":{"@type":"EntryPoint","urlTemplate":"https:\/\/mychoccy.com\/en\/?s={search_term_string}"},"query-input":{"@type":"PropertyValueSpecification","valueRequired":true,"valueName":"search_term_string"}}],"inLanguage":"en-US"}]}},"jetpack_sharing_enabled":true,"_links":{"self":[{"href":"https:\/\/mychoccy.com\/en\/wp-json\/wp\/v2\/pages\/16773","targetHints":{"allow":["GET"]}}],"collection":[{"href":"https:\/\/mychoccy.com\/en\/wp-json\/wp\/v2\/pages"}],"about":[{"href":"https:\/\/mychoccy.com\/en\/wp-json\/wp\/v2\/types\/page"}],"author":[{"embeddable":true,"href":"https:\/\/mychoccy.com\/en\/wp-json\/wp\/v2\/users\/1"}],"replies":[{"embeddable":true,"href":"https:\/\/mychoccy.com\/en\/wp-json\/wp\/v2\/comments?post=16773"}],"version-history":[{"count":0,"href":"https:\/\/mychoccy.com\/en\/wp-json\/wp\/v2\/pages\/16773\/revisions"}],"wp:attachment":[{"href":"https:\/\/mychoccy.com\/en\/wp-json\/wp\/v2\/media?parent=16773"}],"curies":[{"name":"wp","href":"https:\/\/api.w.org\/{rel}","templated":true}]}}